{"id":216,"date":"2024-10-08T17:12:45","date_gmt":"2024-10-08T15:12:45","guid":{"rendered":"https:\/\/seh365.de\/?post_type=product&#038;p=216"},"modified":"2024-11-26T15:47:57","modified_gmt":"2024-11-26T14:47:57","slug":"pelletheizung-11kw-smart-fire11-130-bafa-foerderfaehig","status":"publish","type":"product","link":"https:\/\/seh365.de\/?product=pelletheizung-11kw-smart-fire11-130-bafa-foerderfaehig","title":{"rendered":"Pelletheizung 11KW Smart Fire11\/130 BAFA-F\u00f6rderf\u00e4hig"},"content":{"rendered":"<p><strong>Technische Daten:<\/strong><\/p>\n<p>&#8211; Ma\u00dfe(LxBxH): 164x57x93cm<\/p>\n<p>&#8211; Material: Stahl &amp; Edelstahl (Brenner)<\/p>\n<p>&#8211; Brenner: Einwurf-Brenner,automatische Z\u00fcndung, (automatische Reinigung gegen Aufpreis)<\/p>\n<p>&#8211; Steuerung: modulierte Leistung, wetterbedingte Steuerung<\/p>\n<p>&#8211; Brennstoff: Pellets<\/p>\n<p>&#8211; Nennleistung:11kw<\/p>\n<p>&#8211; Wirkungsgrad: 91,2%<\/p>\n<p>&#8211; Energieeffizienz: A+<\/p>\n<p>&#8211; Beh\u00e4lter Volumen: 130 Liter<\/p>\n<p>&#8211; Brennstoffbeschickung:<\/p>\n<p>&#8211; Touchscreen-Display<\/p>\n<p><strong>&#8211; Hydraulik-Set: Hydraulikaust\u00fcstung mit Thermostatventil und Energiesparpumpe<\/strong><\/p>\n<p><strong>&#8211; Automatische Reinigung des W\u00e4rmetauschers<\/strong><\/p>\n<p>&#8211; R\u00fcckbrandsicherung: Sch\u00fctzt den Brennstoff im Vorratsbeh\u00e4lter vor R\u00fcckbrand.<\/p>\n<p><strong>M\u00f6gliches Zubeh\u00f6r:<\/strong><\/p>\n<p>&#8211; Lambdasonde: 327\u20ac.-inkl.MwSt.-<\/p>\n<p>&#8211; Internetmodul: 226\u20ac.-inkl.MwSt.-<\/p>\n<p>&#8211; Automatische Aschenentfernung: 470\u20ac.-inkl.MwSt.-<\/p>\n<p>Mehr auf Anfrage<\/p>\n","protected":false},"excerpt":{"rendered":"<p><strong>Smart Fire 11\/130 Pelletheizung Pelletkessel<\/strong><\/p>\n<p><strong>** BAFA-F\u00f6rderf\u00e4hig **<\/strong><\/p>\n<p><strong>** 5 Jahre Gew\u00e4hrleistung^**<\/strong><\/p>\n<p><strong>** Klasse 5 **<\/strong><\/p>\n<p><strong>** Energieeffizienz: A+ **<\/strong><\/p>\n","protected":false},"featured_media":219,"template":"","meta":[],"product_cat":[18],"product_tag":[],"class_list":{"0":"post-216","1":"product","2":"type-product","3":"status-publish","4":"has-post-thumbnail","6":"product_cat-pelletheizung","8":"first","9":"instock","10":"sale","11":"shipping-taxable","12":"purchasable","13":"product-type-simple"},"jetpack_sharing_enabled":true,"_links":{"self":[{"href":"https:\/\/seh365.de\/index.php?rest_route=\/wp\/v2\/product\/216","targetHints":{"allow":["GET"]}}],"collection":[{"href":"https:\/\/seh365.de\/index.php?rest_route=\/wp\/v2\/product"}],"about":[{"href":"https:\/\/seh365.de\/index.php?rest_route=\/wp\/v2\/types\/product"}],"wp:featuredmedia":[{"embeddable":true,"href":"https:\/\/seh365.de\/index.php?rest_route=\/wp\/v2\/media\/219"}],"wp:attachment":[{"href":"https:\/\/seh365.de\/index.php?rest_route=%2Fwp%2Fv2%2Fmedia&parent=216"}],"wp:term":[{"taxonomy":"product_cat","embeddable":true,"href":"https:\/\/seh365.de\/index.php?rest_route=%2Fwp%2Fv2%2Fproduct_cat&post=216"},{"taxonomy":"product_tag","embeddable":true,"href":"https:\/\/seh365.de\/index.php?rest_route=%2Fwp%2Fv2%2Fproduct_tag&post=216"}],"curies":[{"name":"wp","href":"https:\/\/api.w.org\/{rel}","templated":true}]}}