{"id":239,"date":"2024-11-15T17:04:22","date_gmt":"2024-11-15T16:04:22","guid":{"rendered":"https:\/\/seh365.de\/?post_type=product&#038;p=239"},"modified":"2024-11-26T15:46:33","modified_gmt":"2024-11-26T14:46:33","slug":"neu-pelletheizung-15kw-smartfire15-440-bafa-foerderfaehig","status":"publish","type":"product","link":"https:\/\/seh365.de\/?product=neu-pelletheizung-15kw-smartfire15-440-bafa-foerderfaehig","title":{"rendered":"Pelletheizung 15KW SmartFire15\/440 BAFA-F\u00f6rderf\u00e4hig"},"content":{"rendered":"<p><strong>Technische Daten:<\/strong><\/p>\n<p>&#8211; Ma\u00dfe(LxBxH): 149&#215;134,5&#215;101,5cm<\/p>\n<p>&#8211; Vorratsbeh\u00e4lter: seitlich<\/p>\n<p>&#8211; Material: Stahl &amp; Edelstahl (Brenner)<\/p>\n<p>&#8211; Brenner: Einwurf-Brenner, automatische Z\u00fcndung<\/p>\n<p>&#8211; Steuerung: modulierte Leistung, wetterbedingte Steuerung<\/p>\n<p>&#8211; Brennstoff: Pellets<\/p>\n<p>&#8211; Nennleistung:15kw<\/p>\n<p>&#8211; Wirkungsgrad: 91,2%<\/p>\n<p>&#8211; Energieeffizienz: A+<\/p>\n<p>&#8211; Beh\u00e4lter Volumen: 440 Liter<\/p>\n<p>&#8211; Brennstoffbeschickung:<\/p>\n<p>&#8211; Touchscreen-Display<\/p>\n<p>&#8211; Beschickung: Schnecke, mit R\u00fcckbrandsicherungs-Zwischenkammer<\/p>\n<p>&#8211; R\u00fcckbrandsicherung: Sch\u00fctzt den Brennstoff im Vorratsbeh\u00e4lter vor R\u00fcckbrand.<\/p>\n<p><strong>M\u00f6gliches Zubeh\u00f6r:<\/strong><\/p>\n<p>&#8211; Lambdasonde: 327\u20ac.-inkl.MwSt.-<\/p>\n<p>&#8211; Automatische Reinigung des W\u00e4rmetauschers: 227\u20ac.-inkl.MwSt.-<\/p>\n<p>&#8211; Internetmodul: 226\u20ac.-inkl.MwSt.-<\/p>\n<p>&#8211; Automatische Aschenentfernung: 470\u20ac.-inkl.MwSt.-<\/p>\n<p>&#8211; Hydraulikaust\u00fcstung mit Thermostatventil und Energiesparpumpe: 258\u20ac.-inkl.MwSt.-<\/p>\n<p>Mehr auf Anfrage<\/p>\n","protected":false},"excerpt":{"rendered":"<p><strong>Smart Fire 15\/440 Pelletsheizung Pelletkessel<\/strong><\/p>\n<p><strong>** BAFA-F\u00f6rderf\u00e4hig **<\/strong><\/p>\n<p><strong>** 5 Jahre Gew\u00e4hrleistung^**<\/strong><\/p>\n<p><strong>** Klasse 5 **<\/strong><\/p>\n<p><strong>** Energieeffizienz: A+ **<\/strong><\/p>\n","protected":false},"featured_media":221,"template":"","meta":[],"product_cat":[18],"product_tag":[],"class_list":{"0":"post-239","1":"product","2":"type-product","3":"status-publish","4":"has-post-thumbnail","6":"product_cat-pelletheizung","8":"first","9":"instock","10":"sale","11":"shipping-taxable","12":"purchasable","13":"product-type-simple"},"jetpack_sharing_enabled":true,"_links":{"self":[{"href":"https:\/\/seh365.de\/index.php?rest_route=\/wp\/v2\/product\/239","targetHints":{"allow":["GET"]}}],"collection":[{"href":"https:\/\/seh365.de\/index.php?rest_route=\/wp\/v2\/product"}],"about":[{"href":"https:\/\/seh365.de\/index.php?rest_route=\/wp\/v2\/types\/product"}],"wp:featuredmedia":[{"embeddable":true,"href":"https:\/\/seh365.de\/index.php?rest_route=\/wp\/v2\/media\/221"}],"wp:attachment":[{"href":"https:\/\/seh365.de\/index.php?rest_route=%2Fwp%2Fv2%2Fmedia&parent=239"}],"wp:term":[{"taxonomy":"product_cat","embeddable":true,"href":"https:\/\/seh365.de\/index.php?rest_route=%2Fwp%2Fv2%2Fproduct_cat&post=239"},{"taxonomy":"product_tag","embeddable":true,"href":"https:\/\/seh365.de\/index.php?rest_route=%2Fwp%2Fv2%2Fproduct_tag&post=239"}],"curies":[{"name":"wp","href":"https:\/\/api.w.org\/{rel}","templated":true}]}}